{"id":330,"date":"2023-03-06T13:06:20","date_gmt":"2023-03-06T12:06:20","guid":{"rendered":"https:\/\/www.samochi.de\/?page_id=330"},"modified":"2023-03-08T08:28:43","modified_gmt":"2023-03-08T07:28:43","slug":"newsletter","status":"publish","type":"page","link":"https:\/\/www.sandieannaludwig.de\/?page_id=330","title":{"rendered":"Newsletter"},"content":{"rendered":"\n<p>Hallo und willkommen jn der Samochi Akademie, der Akademie f\u00fcr Selbsterkenntnis und connection zu deinem higher-self.<\/p>\n\n\n\n<p>Hier gibt es regelm\u00e4ssige news wie du dich noch mehr mit dir und deinem higher-self verbinden kannst. Um gewappnet gegen die St\u00fcrme deines Lebens zu sein<\/p>\n\n\n\n<p>Love your self \ud83d\udc96<\/p>\n\n\n\n\t<div class=\"wp-block-jetpack-mailchimp\" data-blog-id=\"185574757\">\n\t\t<form\n\t\t\taria-describedby=\"wp-block-jetpack-mailchimp_consent-text\"\n\t\t\t\t\t>\n\t\t\t<p>\n\t\t\t\t<input\n\t\t\t\t\taria-label=\"E-Mail-Adresse eingeben\"\n\t\t\t\t\tplaceholder=\"E-Mail-Adresse eingeben\"\n\t\t\t\t\trequired\n\t\t\t\t\ttitle=\"E-Mail-Adresse eingeben\"\n\t\t\t\t\ttype=\"email\"\n\t\t\t\t\tname=\"email\"\n\t\t\t\t\/>\n\t\t\t<\/p>\n\t\t\t\t\t\t\t<input\n\t\t\t\t\tname=\"interests[f0bd4a3365]\"\n\t\t\t\t\ttype=\"hidden\"\n\t\t\t\t\tclass=\"mc-submit-param\"\n\t\t\t\t\tvalue=\"1\"\n\t\t\t\t\/>\n\t\t\t\t\t\t\t\t\t\n<div class=\"wp-block-jetpack-button wp-block-button\" style=\"\"><button class=\"wp-block-button__link\" style=\"\" data-id-attr=\"mailchimp-button-block-1\" id=\"mailchimp-button-block-1\" type=\"submit\" data-wp-class--is-submitting=\"state.isSubmitting\" data-wp-bind--aria-disabled=\"state.isAriaDisabled\">Meinen Newsletter abonnieren<span class=\"spinner\" aria-hidden=\"true\"><svg width=\"24\" height=\"24\" viewBox=\"0 0 24 24\" xmlns=\"http:\/\/www.w3.org\/2000\/svg\"><path d=\"M12,1A11,11,0,1,0,23,12,11,11,0,0,0,12,1Zm0,19a8,8,0,1,1,8-8A8,8,0,0,1,12,20Z\" opacity=\".25\"\/><path d=\"M10.14,1.16a11,11,0,0,0-9,8.92A1.59,1.59,0,0,0,2.46,12,1.52,1.52,0,0,0,4.11,10.7a8,8,0,0,1,6.66-6.61A1.42,1.42,0,0,0,12,2.69h0A1.57,1.57,0,0,0,10.14,1.16Z\"><animateTransform attributeName=\"transform\" type=\"rotate\" dur=\"0.75s\" values=\"0 12 12;360 12 12\" repeatCount=\"indefinite\"\/><\/path><\/svg><span class=\"is-visually-hidden\">Einreichungsformular<\/span><\/span><\/button><\/div>\n\t\t\t<p id=\"wp-block-jetpack-mailchimp_consent-text\">\n\t\t\t\tDurch das Absenden des Formulars stimmst du zu, dass deine E-Mail-Adresse an den Website-Betreiber sowie an Mailchimp weitergegeben wird, damit du Marketinginformationen, Updates und weitere E-Mails vom Website-Betreiber erh\u00e4ltst. \u00dcber den \u201eAbbestellen\u201c-Link in diesen E-Mails kannst du dich jederzeit von diesen Benachrichtigungen abmelden.\t\t\t<\/p>\n\n\t\t\t\n\t\t<\/form>\n\t\t\n\t\t\t<div class=\"wp-block-jetpack-mailchimp_notification wp-block-jetpack-mailchimp_processing\" role=\"status\">\n\t\t\t\tWird verarbeitet\u00a0\u2026\t\t\t<\/div>\n\t\t\t<div class=\"wp-block-jetpack-mailchimp_notification wp-block-jetpack-mailchimp_success\" role=\"status\">\n\t\t\t\tErfolgreich! Du bist auf der Liste.\t\t\t<\/div>\n\t\t\t<div class=\"wp-block-jetpack-mailchimp_notification wp-block-jetpack-mailchimp_error\" role=\"alert\">\n\t\t\t\tUps! Es ist ein Fehler aufgetreten und wir konnten dein Abonnement nicht bearbeiten. Bitte lade die Seite neu und versuche es erneut.\t\t\t<\/div>\n\n\t\t\t<\/div>\n\t","protected":false},"excerpt":{"rendered":"<p>Hallo und willkommen jn der Samochi Akademie, der Akademie f\u00fcr Selbsterkenntnis und connection zu deinem higher-self. Hier gibt es regelm\u00e4ssige news wie du dich noch mehr mit dir und deinem higher-self verbinden kannst. Um gewappnet gegen die St\u00fcrme deines Lebens zu sein Love your self \ud83d\udc96<\/p>\n","protected":false},"author":1,"featured_media":0,"parent":0,"menu_order":0,"comment_status":"closed","ping_status":"closed","template":"","meta":{"footnotes":""},"class_list":["post-330","page","type-page","status-publish","hentry"],"jetpack_sharing_enabled":true,"_links":{"self":[{"href":"https:\/\/www.sandieannaludwig.de\/index.php?rest_route=\/wp\/v2\/pages\/330","targetHints":{"allow":["GET"]}}],"collection":[{"href":"https:\/\/www.sandieannaludwig.de\/index.php?rest_route=\/wp\/v2\/pages"}],"about":[{"href":"https:\/\/www.sandieannaludwig.de\/index.php?rest_route=\/wp\/v2\/types\/page"}],"author":[{"embeddable":true,"href":"https:\/\/www.sandieannaludwig.de\/index.php?rest_route=\/wp\/v2\/users\/1"}],"replies":[{"embeddable":true,"href":"https:\/\/www.sandieannaludwig.de\/index.php?rest_route=%2Fwp%2Fv2%2Fcomments&post=330"}],"version-history":[{"count":5,"href":"https:\/\/www.sandieannaludwig.de\/index.php?rest_route=\/wp\/v2\/pages\/330\/revisions"}],"predecessor-version":[{"id":341,"href":"https:\/\/www.sandieannaludwig.de\/index.php?rest_route=\/wp\/v2\/pages\/330\/revisions\/341"}],"wp:attachment":[{"href":"https:\/\/www.sandieannaludwig.de\/index.php?rest_route=%2Fwp%2Fv2%2Fmedia&parent=330"}],"curies":[{"name":"wp","href":"https:\/\/api.w.org\/{rel}","templated":true}]}}