{"id":279,"date":"2023-02-10T17:46:25","date_gmt":"2023-02-10T16:46:25","guid":{"rendered":"https:\/\/www.samochi.de\/?page_id=279"},"modified":"2023-04-08T15:09:03","modified_gmt":"2023-04-08T13:09:03","slug":"angebote","status":"publish","type":"page","link":"https:\/\/www.sandieannaludwig.de\/?page_id=279","title":{"rendered":"Angebote"},"content":{"rendered":"\n<p class=\"has-medium-font-size\">Sch\u00f6n dass du da bist und bei mir vorbeikommst. Hier findest du meine Angebote die ich f\u00fcr dich ausgearbeitet habe. <\/p>\n\n\n\n<p>Das h\u00f6chste Gut was wir Menschen haben ist ein gesunder K\u00f6rper, doch erst wenn er Krank ist erkennen wir das.  <em><strong>Mens sana in corpore sano<\/strong><\/em>. Ein gesunder Geist wohnt in einem gesunden K\u00f6rper ist ein Zitat aus einer r\u00f6mischen Satire von Juvenal aus dem 1\/2 Jahrhundert. Es steckt soviel Wahrheit darin. Heute leiden sehr viele nicht nur an geistigen Symptomen sondern auch an k\u00f6rperlichen.<\/p>\n\n\n\n<p>Es macht mich unendlich traurig zu sehen wie krank die Menschheit momentan ist und ich einen Weg kenne den K\u00f6rper zu heilen. Zum einen mit Selbsterkenntnis, denn dadurch sieht man erst wo man krank ist. Daraus ergibt sich die Bewusstwerdung der Krankheit. Wenn man sich dessen bewusst ist kann man sie auch bewusst \u00e4ndern und heilen. In R\u00fcckf\u00fchrungen erkennst du woher du jetzt in deinem Leben die Probleme mitgebracht hast. Den alles ist eins. Gestern, Heute und Morgen. Alle vergangenen Leben, das gegenw\u00e4rtige Leben und alle zuk\u00fcnftigen Leben. Schon Albert Einstein sagte: &#8220; Zeit ist relativ und eine Illusion&#8220; Deswegen ist es heute m\u00f6glich alles Aufzuarbeiten was wir noch nicht sehen wollten.<\/p>\n\n\n\n<p>In meiner gef\u00fchrten Seelenreise kannst du in einer sicheren Umgebung heute alles heilen was gerade geheilt werden will.  <\/p>\n\n\n\n<div style=\"height:100px\" aria-hidden=\"true\" class=\"wp-block-spacer\"><\/div>\n\n\n\n<p class=\"has-large-font-size\">Erkenne den Diamanten in dir<\/p>\n\n\n\n<p class=\"has-medium-font-size\" style=\"font-style:normal;font-weight:700\">-Seelenplan Analyse nach Frank Alper<\/p>\n\n\n\n<p>Im Seelenplan nach Frank Alper wird aus deinem Namen die Schwingung errechnet. Dies kann ich deuten und die dadurch zeigen wo deine Starken und Schw\u00e4chen liegen. Dies hilft die dich zu erkennen und deine Blockaden, \u00c4ngste und Aufgaben zu l\u00f6sen. Inklusive Seelenmandala<\/p>\n\n\n\n<p>\u2022 im Geburtschart zeigt sich deine Aufgabe<\/p>\n\n\n\n<p>\u2022 Namenschart zeigen sich deine Ziele die du erreichen kannst <\/p>\n\n\n\n<p>\u2022 Als Gegenleistung f\u00fcr 3 x 1:1 Sitzungen(Dauer ca 1,5h) f\u00fcr dich und deinen Weg erlaube ich mir 1500 \u20ac zu berechnen. <\/p>\n\n\n\n<div style=\"height:100px\" aria-hidden=\"true\" class=\"wp-block-spacer\"><\/div>\n\n\n\n<div class=\"wp-block-buttons is-layout-flex wp-block-buttons-is-layout-flex\">\n<div class=\"wp-block-button\"><a class=\"wp-block-button__link wp-element-button\" href=\"https:\/\/www.samochi.de\/?page_id=138\">Book me<\/a><\/div>\n<\/div>\n\n\n\n<div style=\"height:100px\" aria-hidden=\"true\" class=\"wp-block-spacer\"><\/div>\n\n\n\n<p class=\"has-large-font-size\">Seelenplan f\u00fcr Kinder<\/p>\n\n\n\n<p class=\"has-medium-font-size\">Kinder sind grosse, alte Seelen in einem kleinen K\u00f6rper. Sie brauchen die erfahrenen Hilfe von uns Erwachsenen, die inzwischen Gelernt haben wie das Spiel hier auf der Erde in der zwei Dimensionalit\u00e4t geht. Wir alle wollen ganz viel lernen und ganz viele Erfahrungen sammeln. Doch oft sind dies Erfahrungen sehr schmerzhaft und machen den K\u00f6rper krank. Durch meine langj\u00e4hrige Erfahrung mit der Arbeit von Kindern wei\u00df ich heute wie man ihnen helfen kann sich bestm\u00f6glich an die Spielregeln der Erde zu halten um so ein sch\u00f6nes lustiges Spiel( Leben) hier zu spielen. Daf\u00fcr habe ich aus dem Human Design, dem Seelenplan, der Strahlenanalyse und mein anderen Ausbildungen ein v\u00f6llig neues System entwickelt.\u00a0<\/p>\n\n\n\n<p>\u2022 Einzelsitzung: 1:1 Dauer ca 1-1,5h f\u00fcr 99\u20ac<\/p>\n\n\n\n<p>\u2022 3-Monatspaket zur L\u00f6sung tiefer Blockaden, Mustern, Glaubens\u00e4tzen\u00a01 x w\u00f6chentl Zoomsitzung\/ live in meiner Praxis 999\u20ac<\/p>\n\n\n\n<div style=\"height:100px\" aria-hidden=\"true\" class=\"wp-block-spacer\"><\/div>\n\n\n\n<div class=\"wp-block-buttons is-layout-flex wp-block-buttons-is-layout-flex\">\n<div class=\"wp-block-button\"><a class=\"wp-block-button__link wp-element-button\" href=\"https:\/\/www.samochi.de\/?page_id=138\">Book me<\/a><\/div>\n<\/div>\n\n\n\n<div style=\"height:100px\" aria-hidden=\"true\" class=\"wp-block-spacer\"><\/div>\n\n\n\n<p class=\"has-x-large-font-size\">Webinar Seelenplan f\u00fcr ADHS\/Kinder<\/p>\n\n\n\n<p>Ca 1x im Monat zeige ich in meinem Webinar wie der Seelenplan f\u00fcr Kinder aussieht.<\/p>\n\n\n\n<p>Hier findest du den Zoomlink um dich ein zu w\u00e4hle. Ich freue mich auf dich<\/p>\n\n\n\n<p>Zoom-Meeting beitreten<br>https:\/\/us06web.zoom.us\/j\/83449649460?pwd=U01ZSzR5U0V3TlhLUjRBN3RPQUNUUT09<\/p>\n\n\n\n<p>Meeting-ID: 834 4964 9460<br>Kenncode: 666817<br><\/p>\n\n\n\n<p class=\"has-x-large-font-size\">Webinar <strong>Der Diamant in Dir <\/strong><\/p>\n\n\n\n<p class=\"has-medium-font-size\">Wir alle sind Diamanten die strahlen und gl\u00e4nzen wollen. Doch sind wir von unseren Eltern gepr\u00e4gt, verletzt und geformt worden. Auch unsere Eltern sind diesen Weg gegangen. Wir k\u00f6nnen das nun Bewu\u00dft \u00e4ndern und all diese Verletzungen, Blockaden und Glaubenss\u00e4tze aufl\u00f6sen. Das Wie zeige ich dir in meinem Webinar. Es ist v\u00f6llig kostenfrei. <\/p>\n\n\n\n<p>Ich freue mich auf dich <\/p>\n\n\n\n<p>Hier findest du den Link:<\/p>\n\n\n\n<p>Zoom-Meeting beitreten<br>https:\/\/us06web.zoom.us\/j\/81304040141?pwd=Rm1tLzhlOGVQZlA2bnU2KzFDZHJSdz09<\/p>\n\n\n\n<p>Meeting-ID: 813 0404 0141<br>Kenncode: 697609<\/p>\n","protected":false},"excerpt":{"rendered":"<p>Sch\u00f6n dass du da bist und bei mir vorbeikommst. Hier findest du meine Angebote die ich f\u00fcr dich ausgearbeitet habe. Das h\u00f6chste Gut was wir Menschen haben ist ein gesunder K\u00f6rper, doch erst wenn er Krank ist erkennen wir das. Mens sana in corpore sano. Ein gesunder Geist wohnt in einem gesunden K\u00f6rper ist ein Zitat aus einer r\u00f6mischen Satire von Juvenal aus dem 1\/2 Jahrhundert. Es steckt soviel Wahrheit darin. Heute leiden sehr viele nicht nur an geistigen Symptomen sondern auch an k\u00f6rperlichen. Es macht mich unendlich traurig zu sehen wie krank die Menschheit momentan ist und ich einen Weg kenne den K\u00f6rper zu heilen. Zum einen mit Selbsterkenntnis, denn dadurch sieht man erst wo man krank ist. Daraus ergibt sich die Bewusstwerdung der Krankheit. Wenn man sich dessen bewusst ist kann man sie auch bewusst \u00e4ndern und heilen. In R\u00fcckf\u00fchrungen erkennst du woher du jetzt in deinem Leben die Probleme mitgebracht hast. Den alles ist eins. Gestern, Heute und Morgen. Alle vergangenen Leben, das gegenw\u00e4rtige Leben und alle zuk\u00fcnftigen Leben. Schon Albert Einstein sagte: &#8220; Zeit ist relativ und eine Illusion&#8220; Deswegen ist es heute m\u00f6glich alles Aufzuarbeiten was wir noch nicht sehen wollten. In meiner gef\u00fchrten Seelenreise kannst du in einer sicheren Umgebung heute alles heilen was gerade geheilt werden will. Erkenne den Diamanten in dir -Seelenplan Analyse nach Frank Alper Im Seelenplan nach Frank Alper wird aus deinem Namen die Schwingung errechnet. Dies kann ich deuten und die dadurch zeigen wo deine Starken und Schw\u00e4chen liegen. Dies hilft die dich zu erkennen und deine Blockaden, \u00c4ngste und Aufgaben zu l\u00f6sen. Inklusive Seelenmandala \u2022 im Geburtschart zeigt sich deine Aufgabe \u2022 Namenschart zeigen sich deine Ziele die du erreichen kannst \u2022 Als Gegenleistung f\u00fcr 3 x 1:1 Sitzungen(Dauer ca 1,5h) f\u00fcr dich und deinen Weg erlaube ich mir 1500 \u20ac zu berechnen. Seelenplan f\u00fcr Kinder Kinder sind grosse, alte Seelen in einem kleinen K\u00f6rper. Sie brauchen die erfahrenen Hilfe von uns Erwachsenen, die inzwischen Gelernt haben wie das Spiel hier auf der Erde in der zwei Dimensionalit\u00e4t geht. Wir alle wollen ganz viel lernen und ganz viele Erfahrungen sammeln. Doch oft sind dies Erfahrungen sehr schmerzhaft und machen den K\u00f6rper krank. Durch meine langj\u00e4hrige Erfahrung mit der Arbeit von Kindern wei\u00df ich heute wie man ihnen helfen kann sich bestm\u00f6glich an die Spielregeln der Erde zu halten um so ein sch\u00f6nes lustiges Spiel( Leben) hier zu spielen. Daf\u00fcr habe ich aus dem Human Design, dem Seelenplan, der Strahlenanalyse und mein anderen Ausbildungen ein v\u00f6llig neues System entwickelt.\u00a0 \u2022 Einzelsitzung: 1:1 Dauer ca 1-1,5h f\u00fcr 99\u20ac \u2022 3-Monatspaket zur L\u00f6sung tiefer Blockaden, Mustern, Glaubens\u00e4tzen\u00a01 x w\u00f6chentl Zoomsitzung\/ live in meiner Praxis 999\u20ac Webinar Seelenplan f\u00fcr ADHS\/Kinder Ca 1x im Monat zeige ich in meinem Webinar wie der Seelenplan f\u00fcr Kinder aussieht. Hier findest du den Zoomlink um dich ein zu w\u00e4hle. Ich freue mich auf dich Zoom-Meeting beitretenhttps:\/\/us06web.zoom.us\/j\/83449649460?pwd=U01ZSzR5U0V3TlhLUjRBN3RPQUNUUT09 Meeting-ID: 834 4964 9460Kenncode: 666817 Webinar Der Diamant in Dir Wir alle sind Diamanten die strahlen und gl\u00e4nzen wollen. Doch sind wir von unseren Eltern gepr\u00e4gt, verletzt und geformt worden. Auch unsere Eltern sind diesen Weg gegangen. Wir k\u00f6nnen das nun Bewu\u00dft \u00e4ndern und all diese Verletzungen, Blockaden und Glaubenss\u00e4tze aufl\u00f6sen. Das Wie zeige ich dir in meinem Webinar. Es ist v\u00f6llig kostenfrei. Ich freue mich auf dich Hier findest du den Link: Zoom-Meeting beitretenhttps:\/\/us06web.zoom.us\/j\/81304040141?pwd=Rm1tLzhlOGVQZlA2bnU2KzFDZHJSdz09 Meeting-ID: 813 0404 0141Kenncode: 697609<\/p>\n","protected":false},"author":1,"featured_media":0,"parent":0,"menu_order":0,"comment_status":"closed","ping_status":"closed","template":"","meta":{"footnotes":""},"class_list":["post-279","page","type-page","status-publish","hentry"],"jetpack_sharing_enabled":true,"_links":{"self":[{"href":"https:\/\/www.sandieannaludwig.de\/index.php?rest_route=\/wp\/v2\/pages\/279","targetHints":{"allow":["GET"]}}],"collection":[{"href":"https:\/\/www.sandieannaludwig.de\/index.php?rest_route=\/wp\/v2\/pages"}],"about":[{"href":"https:\/\/www.sandieannaludwig.de\/index.php?rest_route=\/wp\/v2\/types\/page"}],"author":[{"embeddable":true,"href":"https:\/\/www.sandieannaludwig.de\/index.php?rest_route=\/wp\/v2\/users\/1"}],"replies":[{"embeddable":true,"href":"https:\/\/www.sandieannaludwig.de\/index.php?rest_route=%2Fwp%2Fv2%2Fcomments&post=279"}],"version-history":[{"count":19,"href":"https:\/\/www.sandieannaludwig.de\/index.php?rest_route=\/wp\/v2\/pages\/279\/revisions"}],"predecessor-version":[{"id":363,"href":"https:\/\/www.sandieannaludwig.de\/index.php?rest_route=\/wp\/v2\/pages\/279\/revisions\/363"}],"wp:attachment":[{"href":"https:\/\/www.sandieannaludwig.de\/index.php?rest_route=%2Fwp%2Fv2%2Fmedia&parent=279"}],"curies":[{"name":"wp","href":"https:\/\/api.w.org\/{rel}","templated":true}]}}